{"id":2566,"date":"2020-05-01T14:00:54","date_gmt":"2020-05-01T12:00:54","guid":{"rendered":"https:\/\/joieinterieure.com\/?page_id=2566"},"modified":"2020-07-20T16:35:20","modified_gmt":"2020-07-20T14:35:20","slug":"2566-2","status":"publish","type":"page","link":"https:\/\/joieinterieure.com\/index.php\/2566-2\/","title":{"rendered":"INSTAGRAM"},"content":{"rendered":"\n<style type=\"text\/css\" data-created_by=\"avia_inline_auto\" id=\"style-css-av-k9o48uyk-edf246dbba85c24046f9ce2d14073eb1\">\n.avia-section.av-k9o48uyk-edf246dbba85c24046f9ce2d14073eb1 .av-parallax .av-parallax-inner{\nbackground-repeat:no-repeat;\nbackground-image:url(https:\/\/joieinterieure.com\/wp-content\/uploads\/2020\/04\/Pablo-casso-5.jpg);\nbackground-position:50% 50%;\nbackground-attachment:scroll;\n}\n<\/style>\n<div id='av_section_1'  class='avia-section av-k9o48uyk-edf246dbba85c24046f9ce2d14073eb1 main_color avia-section-no-padding avia-no-border-styling  avia-builder-el-0  el_before_av_section  avia-builder-el-first  avia-full-stretch av-parallax-section avia-bg-style-parallax  av-minimum-height av-minimum-height-50  container_wrap fullsize'  data-section-bg-repeat='stretch' data-av_minimum_height_pc='50'><div class='av-parallax' data-avia-parallax-ratio='0.3' ><div class='av-parallax-inner main_color avia-full-stretch'><\/div><\/div><div class='container av-section-cont-open' ><main  role=\"main\" itemprop=\"mainContentOfPage\"  class='template-page content  av-content-full alpha units'><div class='post-entry post-entry-type-page post-entry-2566'><div class='entry-content-wrapper clearfix'>\n\n<style type=\"text\/css\" data-created_by=\"avia_inline_auto\" id=\"style-css-av-av_two_third-1e26125d131ba13f1accaa8241be1528\">\n.flex_column.av-av_two_third-1e26125d131ba13f1accaa8241be1528{\nborder-radius:0px 0px 0px 0px;\n-webkit-border-radius:0px 0px 0px 0px;\n-moz-border-radius:0px 0px 0px 0px;\n}\n<\/style>\n<div class='flex_column av-av_two_third-1e26125d131ba13f1accaa8241be1528 av_two_third first flex_column_div av-zero-column-padding '   ><section class=\"av_textblock_section \"  itemscope=\"itemscope\" itemtype=\"https:\/\/schema.org\/CreativeWork\" ><div class='avia_textblock  '   itemprop=\"text\" ><h2 style=\"text-align: left;\"><span style=\"color: #ffffff;\">\u00ab\u00a0Il n\u2019est jamais trop tard pour devenir ce que l\u2019on aurait pu \u00eatre \u00a0\u00bb<\/span><\/h2>\n<h3 style=\"text-align: left;\"><span style=\"color: #ffffff;\"><em><strong class=\"avia-testimonial-name\">Georges Eliott<\/strong><\/em><\/span><\/h3>\n<\/div><\/section><\/div><\/div><\/div><\/main><!-- close content main element --><\/div><\/div>\n<style type=\"text\/css\" data-created_by=\"avia_inline_auto\" id=\"style-css-av-k9o48uyk-c1c038db3a7e814fd65d0d88588f94b2\">\n.avia-section.av-k9o48uyk-c1c038db3a7e814fd65d0d88588f94b2{\nbackground-color:#e8e8e8;\n}\n<\/style>\n<div id='av_section_2'  class='avia-section av-k9o48uyk-c1c038db3a7e814fd65d0d88588f94b2 main_color avia-section-small avia-no-border-styling avia-bg-style-parallax  container_wrap fullsize'  ><div class='container av-section-cont-open' ><div class='template-page content  av-content-full alpha units'><div class='post-entry post-entry-type-page post-entry-2566'><div class='entry-content-wrapper clearfix'>\n\n<style type=\"text\/css\" data-created_by=\"avia_inline_auto\" id=\"style-css-av-av_three_fifth-1e26125d131ba13f1accaa8241be1528\">\n.flex_column.av-av_three_fifth-1e26125d131ba13f1accaa8241be1528{\nborder-radius:0px 0px 0px 0px;\n-webkit-border-radius:0px 0px 0px 0px;\n-moz-border-radius:0px 0px 0px 0px;\n}\n<\/style>\n<div class='flex_column av-av_three_fifth-1e26125d131ba13f1accaa8241be1528 av_three_fifth first flex_column_div av-zero-column-padding '   ><div  class='avia-testimonial-wrapper av-k9o403tp-b9cda43ae4e54174903834b34365b52f avia-grid-testimonials avia-grid-2-testimonials avia_animate_when_almost_visible av-minimal-grid-style av-boxed-grid-style '  data-autoplay='1'  data-interval='5'  data-animation='fade'  data-hoverpause='1' >\n<section class ='avia-testimonial-row'><div class='avia-testimonial av-av_testimonial_single-aa1d52e2a2ce4832763f54f3514d4f36 avia-testimonial-row-1 avia-first-testimonial flex_column no_margin av_one_half'><div class='avia-testimonial_inner'  itemscope=\"itemscope\" itemtype=\"https:\/\/schema.org\/CreativeWork\" ><div class='avia-testimonial-content '><div class='avia-testimonial-markup-entry-content'  itemprop=\"text\" ><h3>Une reconnexion \u00e0 Soi &amp; \u00e0 sa vibration.<\/h3>\n<p>Nous aspirons tous \u00e0 une vie en accord avec soi-m\u00eame, \u00e0 vivre dans la joie et l\u2019amour.<br \/>\nPour cela nous d\u00e9sirons comprendre notre propre int\u00e9rieur pour pouvoir \u00e9voluer vers la meilleure version de nous-m\u00eame.<br \/>\nMais cela n\u2019est pas toujours \u00e9vident de savoir comment s\u2019y prendre pour se d\u00e9couvrir vraiment, de mettre en lumi\u00e8re nos propres facettes pour les comprendre avec empathie et bienveillance.<\/p>\n<p>Nous sommes tous des \u00eatres unique et lumineux qui jouons le jeu de l\u2019oubli.<br \/>\nJe vous accompagne \u00e0 vous reconnecter \u00e0 votre vibration pour aller puiser en vous vos connaissances et prendre conscience de qui vous \u00eates. C\u2019est une d\u00e9marche de changement afin d\u2019\u00e9veiller votre conscience \u00e0 vous-m\u00eame.<br \/>\nRetrouver sa libert\u00e9, sa place, confiance en soi et en la vie, une reconnexion dans un espace de co-cr\u00e9ation. La seule chose que vous avez \u00e0 \u00eatre\u00a0: c\u2019est vous. Laisser votre rayonnement se diffuser. Je vous accompagne \u00e0 \u00e9lever votre propre conscience \u00e0 travers la parole et la red\u00e9couverte de Soi.<\/p>\n<p>Je suis simplement l\u00e0 pour vous accompagner, c\u2019est vous qui reprenez votre pouvoir personnel.<br \/>\nIl s\u2019agit ici de lib\u00e9rer et exprimer votre Essence.<br \/>\nUne rencontre, une r\u00e9v\u00e9lation avec soi peut changer notre regard sur notre vie.<\/p>\n<\/div><\/div><div class='avia-testimonial-meta'><div class='avia-testimonial-arrow-wrap'><div class='avia-arrow'><\/div><\/div><div class='avia-testimonial-meta-mini'  itemprop=\"author\" itemscope=\"itemscope\" itemtype=\"https:\/\/schema.org\/Person\" ><\/div><\/div><\/div><\/div>\n<\/div><\/div>\n<style type=\"text\/css\" data-created_by=\"avia_inline_auto\" id=\"style-css-av-av_two_fifth-da852e3ef3e55b029d2629c41a20524d\">\n.flex_column.av-av_two_fifth-da852e3ef3e55b029d2629c41a20524d{\nborder-radius:0px 0px 0px 0px;\n-webkit-border-radius:0px 0px 0px 0px;\n-moz-border-radius:0px 0px 0px 0px;\n}\n<\/style>\n<div class='flex_column av-av_two_fifth-da852e3ef3e55b029d2629c41a20524d av_two_fifth flex_column_div av-zero-column-padding '   ><p>\n<style type=\"text\/css\" data-created_by=\"avia_inline_auto\" id=\"style-css-av-k9o4szeb-bb532406f050fa771048a87808cb0274\">\n.avia-image-container.av-k9o4szeb-bb532406f050fa771048a87808cb0274 .av-image-caption-overlay-center{\ncolor:#ffffff;\n}\n<\/style>\n<div  class='avia-image-container av-k9o4szeb-bb532406f050fa771048a87808cb0274 av-styling-circle av-hover-grow av-hide-overflow avia-align-center '  itemprop=\"image\" itemscope=\"itemscope\" itemtype=\"https:\/\/schema.org\/ImageObject\" ><div class=\"avia-image-container-inner\"><div class=\"avia-image-overlay-wrap\"><img class='wp-image-2421 avia-img-lazy-loading-not-2421 avia_image' src='https:\/\/joieinterieure.com\/wp-content\/uploads\/2020\/03\/OI000016-225x300.jpg' alt='' title='OLYMPUS DIGITAL CAMERA'  height=\"300\" width=\"225\"  itemprop=\"thumbnailUrl\"  \/><\/div><\/div><\/div><br \/>\n<section class=\"av_textblock_section \"  itemscope=\"itemscope\" itemtype=\"https:\/\/schema.org\/CreativeWork\" ><div class='avia_textblock  '   itemprop=\"text\" ><p style=\"text-align: center;\"><strong>AM\u00c9LIE DUCROCQ<\/strong><\/p>\n<p style=\"text-align: center;\"><strong>Energ\u00e9tique &amp; Magn\u00e9tisme<\/strong><\/p>\n<\/div><\/section><\/p><\/div><\/div><\/div><\/div><!-- close content main div --><\/div><\/div>\n<style type=\"text\/css\" data-created_by=\"avia_inline_auto\" id=\"style-css-av-k9o48uyk-4723e982ab3f26d65c7ad09f2fe215a3\">\n.avia-section.av-k9o48uyk-4723e982ab3f26d65c7ad09f2fe215a3{\nbackground-color:#4ecac2;\n}\n<\/style>\n<div id='av_section_3'  class='avia-section av-k9o48uyk-4723e982ab3f26d65c7ad09f2fe215a3 main_color avia-section-large avia-no-border-styling avia-bg-style-parallax  av-minimum-height av-minimum-height-25  container_wrap fullsize'   data-av_minimum_height_pc='25'><div class='container av-section-cont-open' ><div class='template-page content  av-content-full alpha units'><div class='post-entry post-entry-type-page post-entry-2566'><div class='entry-content-wrapper clearfix'>\n<section class=\"av_textblock_section \"  itemscope=\"itemscope\" itemtype=\"https:\/\/schema.org\/CreativeWork\" ><div class='avia_textblock  '   itemprop=\"text\" ><h4 style=\"text-align: center;\"><span style=\"color: #ffffff;\">Abonnez-vous \u00e0 ma newsletter et recevez les derni\u00e8res actualit\u00e9sdirectement dans votre boite mail<\/span><\/h4>\n<\/div><\/section>\n\n<style type=\"text\/css\" data-created_by=\"avia_inline_auto\" id=\"style-css-av-k9o5e3na-4f4bdf60b449cac6bf69d5a1e6bdf360\">\n#top .hr.hr-invisible.av-k9o5e3na-4f4bdf60b449cac6bf69d5a1e6bdf360{\nheight:30px;\n}\n<\/style>\n<div  class='hr av-k9o5e3na-4f4bdf60b449cac6bf69d5a1e6bdf360 hr-invisible '><span class='hr-inner '><span class=\"hr-inner-style\"><\/span><\/span><\/div>\n<div  class='avia-button-wrap avia-button-center ' ><a href='https:\/\/joieinterieure.com\/?page_id=156'  class='avia-button av-k9o4jgp0-ef56de8113188ab49a301641a5399d27 avia-icon_select-no avia-size-large avia-position-center avia-color-light ' ><span class='avia_iconbox_title' >CONTACTEZ MOI<\/span><\/a><\/div>\n<\/div><\/div><\/div><!-- close content main div --><\/div><\/div>\n<style type=\"text\/css\" data-created_by=\"avia_inline_auto\" id=\"style-css-av-k9o48uyk-2aa6f115a3c1d4ffba2500b7165e7a06\">\n.avia-section.av-k9o48uyk-2aa6f115a3c1d4ffba2500b7165e7a06{\nbackground-color:#ffffff;\n}\n<\/style>\n<div id='av_section_4'  class='avia-section av-k9o48uyk-2aa6f115a3c1d4ffba2500b7165e7a06 main_color avia-section-large avia-no-border-styling avia-bg-style-parallax  av-minimum-height av-minimum-height-25  container_wrap fullsize'   data-av_minimum_height_pc='25'><div class='container av-section-cont-open' ><div class='template-page content  av-content-full alpha units'><div class='post-entry post-entry-type-page post-entry-2566'><div class='entry-content-wrapper clearfix'>\n\n<style type=\"text\/css\" data-created_by=\"avia_inline_auto\" id=\"style-css-av-av_one_half-1e26125d131ba13f1accaa8241be1528\">\n.flex_column.av-av_one_half-1e26125d131ba13f1accaa8241be1528{\nborder-radius:0px 0px 0px 0px;\n-webkit-border-radius:0px 0px 0px 0px;\n-moz-border-radius:0px 0px 0px 0px;\n}\n<\/style>\n<div class='flex_column av-av_one_half-1e26125d131ba13f1accaa8241be1528 av_one_half first flex_column_div av-zero-column-padding '   ><style type=\"text\/css\" data-created_by=\"avia_inline_auto\" id=\"style-css-av-k9o5154o-04f2421f8dc4f4241ae08ccb84e6506a\">\n.iconbox.av-k9o5154o-04f2421f8dc4f4241ae08ccb84e6506a .iconbox_icon{\nbackground-color:#4ecac2;\n}\n<\/style>\n<article  class=\"iconbox iconbox_top av-k9o5154o-04f2421f8dc4f4241ae08ccb84e6506a main_color \"  itemscope=\"itemscope\" itemtype=\"https:\/\/schema.org\/CreativeWork\" ><div class=\"iconbox_content\"><header class=\"entry-content-header\"><div class=\"iconbox_icon heading-color\" aria-hidden='true' data-av_icon='\ue80a' data-av_iconfont='entypo-fontello'><\/div><h3 class='iconbox_content_title  '  itemprop=\"headline\" >S\u00e9ance Individuelle :  Conscience \u00e0 soi m\u2019Aime<\/h3><\/header><div class='iconbox_content_container  '  itemprop=\"text\" ><p style=\"text-align: center;\">Un espace de co-cr\u00e9ation afin d\u2019aller puiser ses propres connaissances et prendre conscience de qui on est.<br \/>\nLes s\u00e9ances individuelles vous permettre d\u2019aller chercher votre propre v\u00e9rit\u00e9, un voyage int\u00e9rieur qui se vit et se vibre.<\/p>\n<h6 style=\"text-align: center; text-transform: uppercase; margin-bottom: 40px; margin-top: 30px;\"><strong> En pr\u00e9sentiel et \u00e0 distance<\/strong><\/h6>\n<p><div  class='avia-button-wrap avia-button-center ' ><a href='https:\/\/joieinterieure.com\/?page_id=1493'  class='avia-button av-av_button-25fb5916746395fd16ff9b8975cb55a7 avia-icon_select-no avia-size-large avia-position-center avia-color-dark ' ><span class='avia_iconbox_title' >EN SAVOIR PLUS<\/span><\/a><\/div><div  class='avia-button-wrap avia-button-center ' ><a href='https:\/\/joieinterieure.com\/?page_id=1493'  class='avia-button av-av_button-25fb5916746395fd16ff9b8975cb55a7 avia-icon_select-no avia-size-large avia-position-center avia-color-dark ' ><span class='avia_iconbox_title' >EN SAVOIR PLUS<\/span><\/a><\/div><\/p>\n<\/div><\/div><footer class=\"entry-footer\"><\/footer><\/article><\/div>\n<style type=\"text\/css\" data-created_by=\"avia_inline_auto\" id=\"style-css-av-av_one_half-da852e3ef3e55b029d2629c41a20524d\">\n.flex_column.av-av_one_half-da852e3ef3e55b029d2629c41a20524d{\nborder-radius:0px 0px 0px 0px;\n-webkit-border-radius:0px 0px 0px 0px;\n-moz-border-radius:0px 0px 0px 0px;\n}\n<\/style>\n<div class='flex_column av-av_one_half-da852e3ef3e55b029d2629c41a20524d av_one_half flex_column_div av-zero-column-padding '   ><style type=\"text\/css\" data-created_by=\"avia_inline_auto\" id=\"style-css-av-k9o5154o-04f2421f8dc4f4241ae08ccb84e6506a\">\n.iconbox.av-k9o5154o-04f2421f8dc4f4241ae08ccb84e6506a .iconbox_icon{\nbackground-color:#4ecac2;\n}\n<\/style>\n<article  class=\"iconbox iconbox_top av-k9o5154o-04f2421f8dc4f4241ae08ccb84e6506a main_color \"  itemscope=\"itemscope\" itemtype=\"https:\/\/schema.org\/CreativeWork\" ><div class=\"iconbox_content\"><header class=\"entry-content-header\"><div class=\"iconbox_icon heading-color\" aria-hidden='true' data-av_icon='\ue80a' data-av_iconfont='entypo-fontello'><\/div><h3 class='iconbox_content_title  '  itemprop=\"headline\" >S\u00e9ance Individuelle :  Conscience \u00e0 soi m\u2019Aime<\/h3><\/header><div class='iconbox_content_container  '  itemprop=\"text\" ><p style=\"text-align: center;\">Un espace de co-cr\u00e9ation afin d\u2019aller puiser ses propres connaissances et prendre conscience de qui on est.<br \/>\nLes s\u00e9ances individuelles vous permettre d\u2019aller chercher votre propre v\u00e9rit\u00e9, un voyage int\u00e9rieur qui se vit et se vibre.<\/p>\n<h6 style=\"text-align: center; text-transform: uppercase; margin-bottom : 40px; margin-top : 30px;\"><strong> En pr\u00e9sentiel et \u00e0 distance<\/strong><\/h6>\n<div  class='avia-button-wrap avia-button-center ' ><a href='https:\/\/joieinterieure.com\/?page_id=1493'  class='avia-button av-av_button-25fb5916746395fd16ff9b8975cb55a7 avia-icon_select-no avia-size-large avia-position-center avia-color-dark ' ><span class='avia_iconbox_title' >EN SAVOIR PLUS<\/span><\/a><\/div>\n<\/div><\/div><footer class=\"entry-footer\"><\/footer><\/article><\/div>\n<style type=\"text\/css\" data-created_by=\"avia_inline_auto\" id=\"style-css-av-av_one_half-1e26125d131ba13f1accaa8241be1528\">\n.flex_column.av-av_one_half-1e26125d131ba13f1accaa8241be1528{\nborder-radius:0px 0px 0px 0px;\n-webkit-border-radius:0px 0px 0px 0px;\n-moz-border-radius:0px 0px 0px 0px;\n}\n<\/style>\n<div class='flex_column av-av_one_half-1e26125d131ba13f1accaa8241be1528 av_one_half first flex_column_div av-zero-column-padding '   ><style type=\"text\/css\" data-created_by=\"avia_inline_auto\" id=\"style-css-av-k9o5154o-04f2421f8dc4f4241ae08ccb84e6506a\">\n.iconbox.av-k9o5154o-04f2421f8dc4f4241ae08ccb84e6506a .iconbox_icon{\nbackground-color:#4ecac2;\n}\n<\/style>\n<article  class=\"iconbox iconbox_top av-k9o5154o-04f2421f8dc4f4241ae08ccb84e6506a main_color \"  itemscope=\"itemscope\" itemtype=\"https:\/\/schema.org\/CreativeWork\" ><div class=\"iconbox_content\"><header class=\"entry-content-header\"><div class=\"iconbox_icon heading-color\" aria-hidden='true' data-av_icon='\ue80a' data-av_iconfont='entypo-fontello'><\/div><h3 class='iconbox_content_title  '  itemprop=\"headline\" >S\u00e9ance Individuelle :  Conscience \u00e0 soi m\u2019Aime<\/h3><\/header><div class='iconbox_content_container  '  itemprop=\"text\" ><p style=\"text-align: center;\">Un espace de co-cr\u00e9ation afin d\u2019aller puiser ses propres connaissances et prendre conscience de qui on est.<br \/>\nLes s\u00e9ances individuelles vous permettre d\u2019aller chercher votre propre v\u00e9rit\u00e9, un voyage int\u00e9rieur qui se vit et se vibre.<\/p>\n<h6 style=\"text-align: center; text-transform: uppercase; margin-bottom : 40px; margin-top : 30px;\"><strong> En pr\u00e9sentiel et \u00e0 distance<\/strong><\/h6>\n<div  class='avia-button-wrap avia-button-center ' ><a href='https:\/\/joieinterieure.com\/?page_id=1493'  class='avia-button av-av_button-25fb5916746395fd16ff9b8975cb55a7 avia-icon_select-no avia-size-large avia-position-center avia-color-dark ' ><span class='avia_iconbox_title' >EN SAVOIR PLUS<\/span><\/a><\/div>\n<\/div><\/div><footer class=\"entry-footer\"><\/footer><\/article><\/div>\n<style type=\"text\/css\" data-created_by=\"avia_inline_auto\" id=\"style-css-av-av_one_half-da852e3ef3e55b029d2629c41a20524d\">\n.flex_column.av-av_one_half-da852e3ef3e55b029d2629c41a20524d{\nborder-radius:0px 0px 0px 0px;\n-webkit-border-radius:0px 0px 0px 0px;\n-moz-border-radius:0px 0px 0px 0px;\n}\n<\/style>\n<div class='flex_column av-av_one_half-da852e3ef3e55b029d2629c41a20524d av_one_half flex_column_div av-zero-column-padding '   ><style type=\"text\/css\" data-created_by=\"avia_inline_auto\" id=\"style-css-av-k9o5154o-04f2421f8dc4f4241ae08ccb84e6506a\">\n.iconbox.av-k9o5154o-04f2421f8dc4f4241ae08ccb84e6506a .iconbox_icon{\nbackground-color:#4ecac2;\n}\n<\/style>\n<article  class=\"iconbox iconbox_top av-k9o5154o-04f2421f8dc4f4241ae08ccb84e6506a main_color \"  itemscope=\"itemscope\" itemtype=\"https:\/\/schema.org\/CreativeWork\" ><div class=\"iconbox_content\"><header class=\"entry-content-header\"><div class=\"iconbox_icon heading-color\" aria-hidden='true' data-av_icon='\ue80a' data-av_iconfont='entypo-fontello'><\/div><h3 class='iconbox_content_title  '  itemprop=\"headline\" >S\u00e9ance Individuelle :  Conscience \u00e0 soi m\u2019Aime<\/h3><\/header><div class='iconbox_content_container  '  itemprop=\"text\" ><p style=\"text-align: center;\">Un espace de co-cr\u00e9ation afin d\u2019aller puiser ses propres connaissances et prendre conscience de qui on est.<br \/>\nLes s\u00e9ances individuelles vous permettre d\u2019aller chercher votre propre v\u00e9rit\u00e9, un voyage int\u00e9rieur qui se vit et se vibre.<\/p>\n<h6 style=\"text-align: center; text-transform: uppercase; margin-bottom : 40px; margin-top : 30px;\"><strong> En pr\u00e9sentiel et \u00e0 distance<\/strong><\/h6>\n<div  class='avia-button-wrap avia-button-center ' ><a href='https:\/\/joieinterieure.com\/?page_id=1493'  class='avia-button av-av_button-25fb5916746395fd16ff9b8975cb55a7 avia-icon_select-no avia-size-large avia-position-center avia-color-dark ' ><span class='avia_iconbox_title' >EN SAVOIR PLUS<\/span><\/a><\/div>\n<\/div><\/div><footer class=\"entry-footer\"><\/footer><\/article><\/div><\/p>\n","protected":false},"excerpt":{"rendered":"","protected":false},"author":1,"featured_media":0,"parent":0,"menu_order":0,"comment_status":"closed","ping_status":"closed","template":"","meta":{"_mi_skip_tracking":false},"yoast_head":"<!-- This site is optimized with the Yoast SEO plugin v19.7.1 - https:\/\/yoast.com\/wordpress\/plugins\/seo\/ -->\n<title>INSTAGRAM - Joie Int\u00e9rieure<\/title>\n<meta name=\"robots\" content=\"index, follow, max-snippet:-1, max-image-preview:large, max-video-preview:-1\" \/>\n<link rel=\"canonical\" href=\"https:\/\/joieinterieure.com\/index.php\/2566-2\/\" \/>\n<meta property=\"og:locale\" content=\"fr_FR\" \/>\n<meta property=\"og:type\" content=\"article\" \/>\n<meta property=\"og:title\" content=\"INSTAGRAM - Joie Int\u00e9rieure\" \/>\n<meta property=\"og:url\" content=\"https:\/\/joieinterieure.com\/index.php\/2566-2\/\" \/>\n<meta property=\"og:site_name\" content=\"Joie Int\u00e9rieure\" \/>\n<meta property=\"article:modified_time\" content=\"2020-07-20T14:35:20+00:00\" \/>\n<meta property=\"og:image\" content=\"https:\/\/joieinterieure.com\/wp-content\/uploads\/2019\/01\/mona-eendra-115781-unsplash.jpg\" \/>\n\t<meta property=\"og:image:width\" content=\"5184\" \/>\n\t<meta property=\"og:image:height\" content=\"3456\" \/>\n\t<meta property=\"og:image:type\" content=\"image\/jpeg\" \/>\n<meta name=\"twitter:card\" content=\"summary_large_image\" \/>\n<meta name=\"twitter:label1\" content=\"Dur\u00e9e de lecture estim\u00e9e\" \/>\n\t<meta name=\"twitter:data1\" content=\"13 minutes\" \/>\n<script type=\"application\/ld+json\" class=\"yoast-schema-graph\">{\"@context\":\"https:\/\/schema.org\",\"@graph\":[{\"@type\":\"WebPage\",\"@id\":\"https:\/\/joieinterieure.com\/index.php\/2566-2\/\",\"url\":\"https:\/\/joieinterieure.com\/index.php\/2566-2\/\",\"name\":\"INSTAGRAM - Joie Int\u00e9rieure\",\"isPartOf\":{\"@id\":\"https:\/\/joieinterieure.com\/#website\"},\"datePublished\":\"2020-05-01T12:00:54+00:00\",\"dateModified\":\"2020-07-20T14:35:20+00:00\",\"breadcrumb\":{\"@id\":\"https:\/\/joieinterieure.com\/index.php\/2566-2\/#breadcrumb\"},\"inLanguage\":\"fr-FR\",\"potentialAction\":[{\"@type\":\"ReadAction\",\"target\":[\"https:\/\/joieinterieure.com\/index.php\/2566-2\/\"]}]},{\"@type\":\"BreadcrumbList\",\"@id\":\"https:\/\/joieinterieure.com\/index.php\/2566-2\/#breadcrumb\",\"itemListElement\":[{\"@type\":\"ListItem\",\"position\":1,\"name\":\"Accueil\",\"item\":\"https:\/\/joieinterieure.com\/index.php\/acceuil-2020\/\"},{\"@type\":\"ListItem\",\"position\":2,\"name\":\"INSTAGRAM\"}]},{\"@type\":\"WebSite\",\"@id\":\"https:\/\/joieinterieure.com\/#website\",\"url\":\"https:\/\/joieinterieure.com\/\",\"name\":\"Joie Int\u00e9rieure\",\"description\":\"Am\u00e9lie Ducrocq\",\"potentialAction\":[{\"@type\":\"SearchAction\",\"target\":{\"@type\":\"EntryPoint\",\"urlTemplate\":\"https:\/\/joieinterieure.com\/?s={search_term_string}\"},\"query-input\":\"required name=search_term_string\"}],\"inLanguage\":\"fr-FR\"}]}<\/script>\n<!-- \/ Yoast SEO plugin. -->","yoast_head_json":{"title":"INSTAGRAM - Joie Int\u00e9rieure","robots":{"index":"index","follow":"follow","max-snippet":"max-snippet:-1","max-image-preview":"max-image-preview:large","max-video-preview":"max-video-preview:-1"},"canonical":"https:\/\/joieinterieure.com\/index.php\/2566-2\/","og_locale":"fr_FR","og_type":"article","og_title":"INSTAGRAM - Joie Int\u00e9rieure","og_url":"https:\/\/joieinterieure.com\/index.php\/2566-2\/","og_site_name":"Joie Int\u00e9rieure","article_modified_time":"2020-07-20T14:35:20+00:00","og_image":[{"width":5184,"height":3456,"url":"https:\/\/joieinterieure.com\/wp-content\/uploads\/2019\/01\/mona-eendra-115781-unsplash.jpg","type":"image\/jpeg"}],"twitter_card":"summary_large_image","twitter_misc":{"Dur\u00e9e de lecture estim\u00e9e":"13 minutes"},"schema":{"@context":"https:\/\/schema.org","@graph":[{"@type":"WebPage","@id":"https:\/\/joieinterieure.com\/index.php\/2566-2\/","url":"https:\/\/joieinterieure.com\/index.php\/2566-2\/","name":"INSTAGRAM - Joie Int\u00e9rieure","isPartOf":{"@id":"https:\/\/joieinterieure.com\/#website"},"datePublished":"2020-05-01T12:00:54+00:00","dateModified":"2020-07-20T14:35:20+00:00","breadcrumb":{"@id":"https:\/\/joieinterieure.com\/index.php\/2566-2\/#breadcrumb"},"inLanguage":"fr-FR","potentialAction":[{"@type":"ReadAction","target":["https:\/\/joieinterieure.com\/index.php\/2566-2\/"]}]},{"@type":"BreadcrumbList","@id":"https:\/\/joieinterieure.com\/index.php\/2566-2\/#breadcrumb","itemListElement":[{"@type":"ListItem","position":1,"name":"Accueil","item":"https:\/\/joieinterieure.com\/index.php\/acceuil-2020\/"},{"@type":"ListItem","position":2,"name":"INSTAGRAM"}]},{"@type":"WebSite","@id":"https:\/\/joieinterieure.com\/#website","url":"https:\/\/joieinterieure.com\/","name":"Joie Int\u00e9rieure","description":"Am\u00e9lie Ducrocq","potentialAction":[{"@type":"SearchAction","target":{"@type":"EntryPoint","urlTemplate":"https:\/\/joieinterieure.com\/?s={search_term_string}"},"query-input":"required name=search_term_string"}],"inLanguage":"fr-FR"}]}},"_links":{"self":[{"href":"https:\/\/joieinterieure.com\/index.php\/wp-json\/wp\/v2\/pages\/2566"}],"collection":[{"href":"https:\/\/joieinterieure.com\/index.php\/wp-json\/wp\/v2\/pages"}],"about":[{"href":"https:\/\/joieinterieure.com\/index.php\/wp-json\/wp\/v2\/types\/page"}],"author":[{"embeddable":true,"href":"https:\/\/joieinterieure.com\/index.php\/wp-json\/wp\/v2\/users\/1"}],"replies":[{"embeddable":true,"href":"https:\/\/joieinterieure.com\/index.php\/wp-json\/wp\/v2\/comments?post=2566"}],"version-history":[{"count":16,"href":"https:\/\/joieinterieure.com\/index.php\/wp-json\/wp\/v2\/pages\/2566\/revisions"}],"predecessor-version":[{"id":2860,"href":"https:\/\/joieinterieure.com\/index.php\/wp-json\/wp\/v2\/pages\/2566\/revisions\/2860"}],"wp:attachment":[{"href":"https:\/\/joieinterieure.com\/index.php\/wp-json\/wp\/v2\/media?parent=2566"}],"curies":[{"name":"wp","href":"https:\/\/api.w.org\/{rel}","templated":true}]}}